{"id":14182,"date":"2017-04-11T08:13:36","date_gmt":"2017-04-11T07:13:36","guid":{"rendered":"https:\/\/symphonies-automne.fr\/competition-3\/"},"modified":"2026-03-13T22:08:09","modified_gmt":"2026-03-13T21:08:09","slug":"competition-3","status":"publish","type":"page","link":"https:\/\/symphonies-automne.fr\/en\/competition-3\/","title":{"rendered":"Competition"},"content":{"rendered":"\t\t<div data-elementor-type=\"wp-page\" data-elementor-id=\"14182\" class=\"elementor elementor-14182 elementor-5\" data-elementor-post-type=\"page\">\n\t\t\t\t\t\t<section class=\"elementor-section elementor-top-section elementor-element elementor-element-ca7dd45 elementor-section-full_width elementor-section-height-default elementor-section-height-default qodef-elementor-container-no qodef-section qodef-parallax-section-holder-touch-disabled qodef-parallax-section-no qodef-section-with-no-shadow\" data-id=\"ca7dd45\" data-element_type=\"section\" data-e-type=\"section\" data-settings=\"{&quot;background_background&quot;:&quot;classic&quot;}\">\n\t\t\t\t\t\t<div class=\"elementor-container elementor-column-gap-default\">\n\t\t\t\t\t<div class=\"elementor-column elementor-col-100 elementor-top-column elementor-element elementor-element-f8e5f50\" data-id=\"f8e5f50\" data-element_type=\"column\" data-e-type=\"column\">\n\t\t\t<div class=\"elementor-widget-wrap elementor-element-populated\">\n\t\t\t\t\t\t<section class=\"elementor-section elementor-inner-section elementor-element elementor-element-452d305 elementor-section-full_width qodef-elementor-container-inner elementor-section-height-default elementor-section-height-default qodef-section qodef-parallax-section-holder-touch-disabled qodef-parallax-section-no qodef-section-with-no-shadow\" data-id=\"452d305\" data-element_type=\"section\" data-e-type=\"section\">\n\t\t\t\t\t\t<div class=\"elementor-container elementor-column-gap-default\">\n\t\t\t\t\t<div class=\"elementor-column elementor-col-100 elementor-inner-column elementor-element elementor-element-0c5e8df\" data-id=\"0c5e8df\" data-element_type=\"column\" data-e-type=\"column\">\n\t\t\t<div class=\"elementor-widget-wrap elementor-element-populated\">\n\t\t\t\t\t\t<div class=\"elementor-element elementor-element-b19e530 elementor-widget elementor-widget-text-editor\" data-id=\"b19e530\" data-element_type=\"widget\" data-e-type=\"widget\" data-widget_type=\"text-editor.default\">\n\t\t\t\t<div class=\"elementor-widget-container\">\n\t\t\t\t\t\t\t\t\t<h5><span style=\"color: #c8c7c7;\">Edition 2026<\/span><\/h5>\t\t\t\t\t\t\t\t<\/div>\n\t\t\t\t<\/div>\n\t\t\t\t<div class=\"elementor-element elementor-element-d499da6 elementor-widget elementor-widget-text-editor\" data-id=\"d499da6\" data-element_type=\"widget\" data-e-type=\"widget\" data-widget_type=\"text-editor.default\">\n\t\t\t\t<div class=\"elementor-widget-container\">\n\t\t\t\t\t\t\t\t\t<h2><span style=\"color: #ffffff;\">Registration is now open!  <\/span><\/h2>\t\t\t\t\t\t\t\t<\/div>\n\t\t\t\t<\/div>\n\t\t\t\t<div class=\"elementor-element elementor-element-de68635 elementor-widget elementor-widget-qodef_separator\" data-id=\"de68635\" data-element_type=\"widget\" data-e-type=\"widget\" data-widget_type=\"qodef_separator.default\">\n\t\t\t\t<div class=\"elementor-widget-container\">\n\t\t\t\t\t<div class=\"qodef-separator-holder clearfix  qodef-separator-left qodef-separator-normal\">\n\t<div class=\"qodef-separator\" style=\"border-color: #FFFFFF;width: 32px;border-bottom-width: 6px\"><\/div>\n<\/div>\n\t\t\t\t<\/div>\n\t\t\t\t<\/div>\n\t\t\t\t<div class=\"elementor-element elementor-element-3a7be26 elementor-widget elementor-widget-text-editor\" data-id=\"3a7be26\" data-element_type=\"widget\" data-e-type=\"widget\" data-widget_type=\"text-editor.default\">\n\t\t\t\t<div class=\"elementor-widget-container\">\n\t\t\t\t\t\t\t\t\t<p class=\"p1\"><span style=\"color: #ffffff;\">The 33\u1d49 Concours International de Chant de M\u00e2con will take place from November 9 to 15, 2026. The final will be held at the Th\u00e9\u00e2tre, sc\u00e8ne nationale de M\u00e2con.<\/span><\/p><p class=\"p1\"><span style=\"color: #ffffff;\"><b>Who can register?<\/b><\/span><\/p><p class=\"p1\"><span style=\"color: #ffffff;\">Young singers from all over the world, under the age of 35 (born after January 1, 1991).<\/span><\/p><p class=\"p1\"><span style=\"color: #ffffff;\"><b>When should you register?<\/b><\/span><\/p><p class=\"p1\"><span style=\"color: #ffffff;\">From March 16 to midnight on September 10, 2026.<\/span><\/p><p class=\"p1\"><span style=\"color: #ffffff;\"><b>How do I register?<\/b><\/span><\/p><p class=\"p1\"><span style=\"color: #ffffff;\">Click on <a style=\"color: #ffffff;\" href=\"https:\/\/macon-symphonies.assoconnect.com\/collect\/description\/686575-x-2026-concours-international-de-chant-de-macon-dossier-d-inscription-macon-international-competition-for-singers-registration-form\"><strong>this link<\/strong><\/a><\/span><\/p>\t\t\t\t\t\t\t\t<\/div>\n\t\t\t\t<\/div>\n\t\t\t\t\t<\/div>\n\t\t<\/div>\n\t\t\t\t\t<\/div>\n\t\t<\/section>\n\t\t\t\t\t<\/div>\n\t\t<\/div>\n\t\t\t\t\t<\/div>\n\t\t<\/section>\n\t\t\t\t<section class=\"elementor-section elementor-top-section elementor-element elementor-element-8ba6eb3 elementor-section-full_width qodef-elementor-container-inner elementor-section-height-default elementor-section-height-default qodef-section qodef-parallax-section-holder-touch-disabled qodef-parallax-section-no qodef-section-with-no-shadow\" data-id=\"8ba6eb3\" data-element_type=\"section\" data-e-type=\"section\" data-settings=\"{&quot;background_background&quot;:&quot;classic&quot;}\">\n\t\t\t\t\t\t<div class=\"elementor-container elementor-column-gap-default\">\n\t\t\t\t\t<div class=\"elementor-column elementor-col-50 elementor-top-column elementor-element elementor-element-2bd6ff1\" data-id=\"2bd6ff1\" data-element_type=\"column\" data-e-type=\"column\">\n\t\t\t<div class=\"elementor-widget-wrap elementor-element-populated\">\n\t\t\t\t\t\t<div class=\"elementor-element elementor-element-402b9a1 elementor-widget elementor-widget-text-editor\" data-id=\"402b9a1\" data-element_type=\"widget\" data-e-type=\"widget\" data-widget_type=\"text-editor.default\">\n\t\t\t\t<div class=\"elementor-widget-container\">\n\t\t\t\t\t\t\t\t\t<h2>The Jury<\/h2>\t\t\t\t\t\t\t\t<\/div>\n\t\t\t\t<\/div>\n\t\t\t\t<div class=\"elementor-element elementor-element-1a39261 elementor-widget elementor-widget-text-editor\" data-id=\"1a39261\" data-element_type=\"widget\" data-e-type=\"widget\" data-widget_type=\"text-editor.default\">\n\t\t\t\t<div class=\"elementor-widget-container\">\n\t\t\t\t\t\t\t\t\t<p><span style=\"color: #000000;\">The competition jury is made up of professional singers, directors of opera houses or productions, conductors, orchestra directors or administrators, artistic agents, composers and\/or journalists specializing in opera.<\/span><\/p><p><span style=\"color: #000000;\"><b>Composition of the jury for the 2026 edition:  <\/b><\/span><\/p><p><span style=\"color: #000000;\">The jury will be announced at a later date.<\/span><\/p>\t\t\t\t\t\t\t\t<\/div>\n\t\t\t\t<\/div>\n\t\t\t\t\t<\/div>\n\t\t<\/div>\n\t\t\t\t<div class=\"elementor-column elementor-col-50 elementor-top-column elementor-element elementor-element-1978c9a\" data-id=\"1978c9a\" data-element_type=\"column\" data-e-type=\"column\">\n\t\t\t<div class=\"elementor-widget-wrap elementor-element-populated\">\n\t\t\t\t\t\t\t<\/div>\n\t\t<\/div>\n\t\t\t\t\t<\/div>\n\t\t<\/section>\n\t\t\t\t<section class=\"elementor-section elementor-top-section elementor-element elementor-element-ec3a154 elementor-section-full_width qodef-elementor-container-inner elementor-section-height-default elementor-section-height-default qodef-section qodef-parallax-section-holder-touch-disabled qodef-parallax-section-no qodef-section-with-no-shadow\" data-id=\"ec3a154\" data-element_type=\"section\" data-e-type=\"section\">\n\t\t\t\t\t\t<div class=\"elementor-container elementor-column-gap-default\">\n\t\t\t\t\t<div class=\"elementor-column elementor-col-50 elementor-top-column elementor-element elementor-element-61c5a17\" data-id=\"61c5a17\" data-element_type=\"column\" data-e-type=\"column\">\n\t\t\t<div class=\"elementor-widget-wrap elementor-element-populated\">\n\t\t\t\t\t\t<div class=\"elementor-element elementor-element-bc46a4f elementor-widget elementor-widget-image\" data-id=\"bc46a4f\" data-element_type=\"widget\" data-e-type=\"widget\" data-widget_type=\"image.default\">\n\t\t\t\t<div class=\"elementor-widget-container\">\n\t\t\t\t\t\t\t\t\t\t\t\t\t\t\t<img fetchpriority=\"high\" decoding=\"async\" width=\"1708\" height=\"2560\" src=\"https:\/\/symphonies-automne.fr\/wp-content\/uploads\/2024\/01\/Concours_demi-finale-7-1-scaled.jpg\" class=\"attachment-full size-full wp-image-12635\" alt=\"\" srcset=\"https:\/\/symphonies-automne.fr\/wp-content\/uploads\/2024\/01\/Concours_demi-finale-7-1-scaled.jpg 1708w, https:\/\/symphonies-automne.fr\/wp-content\/uploads\/2024\/01\/Concours_demi-finale-7-1-200x300.jpg 200w, https:\/\/symphonies-automne.fr\/wp-content\/uploads\/2024\/01\/Concours_demi-finale-7-1-683x1024.jpg 683w, https:\/\/symphonies-automne.fr\/wp-content\/uploads\/2024\/01\/Concours_demi-finale-7-1-768x1151.jpg 768w, https:\/\/symphonies-automne.fr\/wp-content\/uploads\/2024\/01\/Concours_demi-finale-7-1-1025x1536.jpg 1025w, https:\/\/symphonies-automne.fr\/wp-content\/uploads\/2024\/01\/Concours_demi-finale-7-1-1366x2048.jpg 1366w\" sizes=\"(max-width: 1708px) 100vw, 1708px\" \/>\t\t\t\t\t\t\t\t\t\t\t\t\t\t\t<\/div>\n\t\t\t\t<\/div>\n\t\t\t\t\t<\/div>\n\t\t<\/div>\n\t\t\t\t<div class=\"elementor-column elementor-col-50 elementor-top-column elementor-element elementor-element-09f9cb0\" data-id=\"09f9cb0\" data-element_type=\"column\" data-e-type=\"column\">\n\t\t\t<div class=\"elementor-widget-wrap elementor-element-populated\">\n\t\t\t\t\t\t<div class=\"elementor-element elementor-element-3abce2a elementor-widget elementor-widget-text-editor\" data-id=\"3abce2a\" data-element_type=\"widget\" data-e-type=\"widget\" data-widget_type=\"text-editor.default\">\n\t\t\t\t<div class=\"elementor-widget-container\">\n\t\t\t\t\t\t\t\t\t<h5><span style=\"color: #8a8a8a;\">16,000 euros in prizes!  <\/span><\/h5>\t\t\t\t\t\t\t\t<\/div>\n\t\t\t\t<\/div>\n\t\t\t\t<div class=\"elementor-element elementor-element-d5aa07c elementor-widget elementor-widget-text-editor\" data-id=\"d5aa07c\" data-element_type=\"widget\" data-e-type=\"widget\" data-widget_type=\"text-editor.default\">\n\t\t\t\t<div class=\"elementor-widget-container\">\n\t\t\t\t\t\t\t\t\t<h2><span style=\"color: #ffffff;\">The rewards<\/span><\/h2>\t\t\t\t\t\t\t\t<\/div>\n\t\t\t\t<\/div>\n\t\t\t\t<div class=\"elementor-element elementor-element-4e99f5c elementor-widget elementor-widget-text-editor\" data-id=\"4e99f5c\" data-element_type=\"widget\" data-e-type=\"widget\" data-widget_type=\"text-editor.default\">\n\t\t\t\t<div class=\"elementor-widget-container\">\n\t\t\t\t\t\t\t\t\t<p><span style=\"color: #ffffff;\">The prizes represent a total value of 16,000 euros in prizes and cost-sharing for the finalists, distributed as follows:<\/span><\/p><p><span style=\"color: #ffffff;\">&#8211; 1\u1d49\u02b3 price: 5,000 euros<\/span><\/p><p><span style=\"color: #ffffff;\">&#8211; 2\u1d49 price: 3,000 euros<\/span><\/p><p><span style=\"color: #ffffff;\">&#8211; 3\u1d49 price: 2,000 euros<\/span><\/p><p><span style=\"color: #ffffff;\">&#8211; Special prize for the compulsory French melody: 3,000 euros<\/span><\/p><p><span style=\"color: #ffffff;\">&#8211; Young talent prize: 1,000 euros<\/span><\/p><p><span style=\"color: #ffffff;\">&#8211; Public Prize: 500 euros<\/span><\/p><p><span style=\"color: #ffffff;\">&#8211; Orchestra prize: 500 euros<\/span><\/p><p><span style=\"color: #ffffff;\">&#8211; Lyc\u00e9e Lamartine students&#8217; prize<\/span><\/p><p><span style=\"color: #ffffff;\">Other prizes may be awarded at the discretion of the jury. Candidates selected for the final will receive a 250-euro expense allowance.<\/span><\/p>\t\t\t\t\t\t\t\t<\/div>\n\t\t\t\t<\/div>\n\t\t\t\t\t<\/div>\n\t\t<\/div>\n\t\t\t\t\t<\/div>\n\t\t<\/section>\n\t\t\t\t<section class=\"elementor-section elementor-top-section elementor-element elementor-element-6c1c8d4 elementor-section-full_width qodef-elementor-container-inner elementor-section-height-default elementor-section-height-default qodef-section qodef-parallax-section-holder-touch-disabled qodef-parallax-section-no qodef-section-with-no-shadow\" data-id=\"6c1c8d4\" data-element_type=\"section\" data-e-type=\"section\" data-settings=\"{&quot;background_background&quot;:&quot;classic&quot;}\">\n\t\t\t\t\t\t<div class=\"elementor-container elementor-column-gap-default\">\n\t\t\t\t\t<div class=\"elementor-column elementor-col-50 elementor-top-column elementor-element elementor-element-330117d\" data-id=\"330117d\" data-element_type=\"column\" data-e-type=\"column\">\n\t\t\t<div class=\"elementor-widget-wrap elementor-element-populated\">\n\t\t\t\t\t\t<div class=\"elementor-element elementor-element-7d53a41 elementor-widget elementor-widget-text-editor\" data-id=\"7d53a41\" data-element_type=\"widget\" data-e-type=\"widget\" data-widget_type=\"text-editor.default\">\n\t\t\t\t<div class=\"elementor-widget-container\">\n\t\t\t\t\t\t\t\t\t<h2>All information  <\/h2>\t\t\t\t\t\t\t\t<\/div>\n\t\t\t\t<\/div>\n\t\t\t\t<div class=\"elementor-element elementor-element-e657a3b elementor-widget elementor-widget-text-editor\" data-id=\"e657a3b\" data-element_type=\"widget\" data-e-type=\"widget\" data-widget_type=\"text-editor.default\">\n\t\t\t\t<div class=\"elementor-widget-container\">\n\t\t\t\t\t\t\t\t\t<p><span style=\"color: #000000;\">Contest rules : <span style=\"text-decoration: underline;\"><a style=\"text-decoration: underline; color: #000000;\" href=\"https:\/\/www.calameo.com\/read\/007183595dac5551a87f4\" target=\"_blank\" rel=\"noopener\">FR<\/a><\/span> \/ <span style=\"text-decoration: underline;\"><a style=\"text-decoration: underline; color: #000000;\" href=\"https:\/\/www.calameo.com\/read\/007183595f303663c0ed8\" target=\"_blank\" rel=\"noopener\">EN<\/a><\/span><\/span><\/p><p><span style=\"color: #000000;\"><a style=\"color: #000000;\" href=\"https:\/\/www.calameo.com\/read\/0071835959fb11eac2f96\"><span style=\"text-decoration: underline;\">List of tunes<\/span><\/a> for the Finale<\/span><\/p><p><span style=\"color: #000000;\"><strong>Compulsory works (semi-final and final) :  <\/strong><\/span><\/p><ul><li><span style=\"color: #000000;\"><em><a href=\"https:\/\/www.calameo.com\/read\/0071835951d695c10df1d\"><span style=\"text-decoration: underline;\">In the morning<\/span><\/a><\/em> <\/span><span style=\"color: #000000;\">for voice aloud<\/span><\/li><li><span style=\"color: #000000;\"><a href=\"https:\/\/www.calameo.com\/read\/0071835950f125377328a\"><em><span style=\"text-decoration: underline;\">Cage of freedom<\/span><\/em><\/a> for bass voice<\/span><\/li><\/ul><p><span style=\"color: #000000;\">These two imposing works by Albena Petrovic can be viewed via the links above. The score in PDF format will be sent to candidates after validation of their registration form.<\/span><\/p>\t\t\t\t\t\t\t\t<\/div>\n\t\t\t\t<\/div>\n\t\t\t\t\t<\/div>\n\t\t<\/div>\n\t\t\t\t<div class=\"elementor-column elementor-col-50 elementor-top-column elementor-element elementor-element-e7a75c6\" data-id=\"e7a75c6\" data-element_type=\"column\" data-e-type=\"column\">\n\t\t\t<div class=\"elementor-widget-wrap elementor-element-populated\">\n\t\t\t\t\t\t<div class=\"elementor-element elementor-element-56d4cbf elementor-widget elementor-widget-image\" data-id=\"56d4cbf\" data-element_type=\"widget\" data-e-type=\"widget\" data-widget_type=\"image.default\">\n\t\t\t\t<div class=\"elementor-widget-container\">\n\t\t\t\t\t\t\t\t\t\t\t\t\t\t\t<img decoding=\"async\" width=\"2560\" height=\"1708\" src=\"https:\/\/symphonies-automne.fr\/wp-content\/uploads\/2024\/01\/Concours_demi-finale-19-scaled.jpg\" class=\"attachment-full size-full wp-image-12639\" alt=\"\" srcset=\"https:\/\/symphonies-automne.fr\/wp-content\/uploads\/2024\/01\/Concours_demi-finale-19-scaled.jpg 2560w, https:\/\/symphonies-automne.fr\/wp-content\/uploads\/2024\/01\/Concours_demi-finale-19-300x200.jpg 300w, https:\/\/symphonies-automne.fr\/wp-content\/uploads\/2024\/01\/Concours_demi-finale-19-1024x683.jpg 1024w, https:\/\/symphonies-automne.fr\/wp-content\/uploads\/2024\/01\/Concours_demi-finale-19-768x512.jpg 768w, https:\/\/symphonies-automne.fr\/wp-content\/uploads\/2024\/01\/Concours_demi-finale-19-1536x1025.jpg 1536w\" sizes=\"(max-width: 2560px) 100vw, 2560px\" \/>\t\t\t\t\t\t\t\t\t\t\t\t\t\t\t<\/div>\n\t\t\t\t<\/div>\n\t\t\t\t\t<\/div>\n\t\t<\/div>\n\t\t\t\t\t<\/div>\n\t\t<\/section>\n\t\t\t\t<\/div>\n\t\t","protected":false},"excerpt":{"rendered":"<p>Edition 2026 Registration is now open! The 33\u1d49 Concours International de Chant de M\u00e2con will take place from November 9 to 15, 2026. The final will be held at the Th\u00e9\u00e2tre, sc\u00e8ne nationale de M\u00e2con. Who can register? Young singers from all over the world,&#8230;<\/p>\n","protected":false},"author":1,"featured_media":0,"parent":0,"menu_order":0,"comment_status":"closed","ping_status":"closed","template":"full-width.php","meta":{"_acf_changed":false,"footnotes":""},"class_list":["post-14182","page","type-page","status-publish","hentry"],"acf":[],"yoast_head":"<!-- This site is optimized with the Yoast SEO plugin v27.3 - https:\/\/yoast.com\/product\/yoast-seo-wordpress\/ -->\n<title>Competition - Symphonies d&#039;automne<\/title>\n<meta name=\"robots\" content=\"index, follow, max-snippet:-1, max-image-preview:large, max-video-preview:-1\" \/>\n<link rel=\"canonical\" href=\"https:\/\/symphonies-automne.fr\/en\/competition-3\/\" \/>\n<meta property=\"og:locale\" content=\"en_US\" \/>\n<meta property=\"og:type\" content=\"article\" \/>\n<meta property=\"og:title\" content=\"Competition - Symphonies d&#039;automne\" \/>\n<meta property=\"og:description\" content=\"Edition 2026 Registration is now open! The 33\u1d49 Concours International de Chant de M\u00e2con will take place from November 9 to 15, 2026. The final will be held at the Th\u00e9\u00e2tre, sc\u00e8ne nationale de M\u00e2con. Who can register? Young singers from all over the world,...\" \/>\n<meta property=\"og:url\" content=\"https:\/\/symphonies-automne.fr\/en\/competition-3\/\" \/>\n<meta property=\"og:site_name\" content=\"Symphonies d&#039;automne\" \/>\n<meta property=\"article:publisher\" content=\"https:\/\/www.facebook.com\/symphoniesautomne\/\" \/>\n<meta property=\"article:modified_time\" content=\"2026-03-13T21:08:09+00:00\" \/>\n<meta property=\"og:image\" content=\"https:\/\/symphonies-automne.fr\/wp-content\/uploads\/2024\/01\/Concours_demi-finale-7-1-scaled.jpg\" \/>\n\t<meta property=\"og:image:width\" content=\"1708\" \/>\n\t<meta property=\"og:image:height\" content=\"2560\" \/>\n\t<meta property=\"og:image:type\" content=\"image\/jpeg\" \/>\n<meta name=\"twitter:card\" content=\"summary_large_image\" \/>\n<meta name=\"twitter:label1\" content=\"Est. reading time\" \/>\n\t<meta name=\"twitter:data1\" content=\"1 minute\" \/>\n<script type=\"application\/ld+json\" class=\"yoast-schema-graph\">{\"@context\":\"https:\\\/\\\/schema.org\",\"@graph\":[{\"@type\":\"WebPage\",\"@id\":\"https:\\\/\\\/symphonies-automne.fr\\\/en\\\/competition-3\\\/\",\"url\":\"https:\\\/\\\/symphonies-automne.fr\\\/en\\\/competition-3\\\/\",\"name\":\"Competition - Symphonies d'automne\",\"isPartOf\":{\"@id\":\"https:\\\/\\\/symphonies-automne.fr\\\/#website\"},\"primaryImageOfPage\":{\"@id\":\"https:\\\/\\\/symphonies-automne.fr\\\/en\\\/competition-3\\\/#primaryimage\"},\"image\":{\"@id\":\"https:\\\/\\\/symphonies-automne.fr\\\/en\\\/competition-3\\\/#primaryimage\"},\"thumbnailUrl\":\"https:\\\/\\\/symphonies-automne.fr\\\/wp-content\\\/uploads\\\/2024\\\/01\\\/Concours_demi-finale-7-1-scaled.jpg\",\"datePublished\":\"2017-04-11T07:13:36+00:00\",\"dateModified\":\"2026-03-13T21:08:09+00:00\",\"breadcrumb\":{\"@id\":\"https:\\\/\\\/symphonies-automne.fr\\\/en\\\/competition-3\\\/#breadcrumb\"},\"inLanguage\":\"en-US\",\"potentialAction\":[{\"@type\":\"ReadAction\",\"target\":[\"https:\\\/\\\/symphonies-automne.fr\\\/en\\\/competition-3\\\/\"]}]},{\"@type\":\"ImageObject\",\"inLanguage\":\"en-US\",\"@id\":\"https:\\\/\\\/symphonies-automne.fr\\\/en\\\/competition-3\\\/#primaryimage\",\"url\":\"https:\\\/\\\/symphonies-automne.fr\\\/wp-content\\\/uploads\\\/2024\\\/01\\\/Concours_demi-finale-7-1-scaled.jpg\",\"contentUrl\":\"https:\\\/\\\/symphonies-automne.fr\\\/wp-content\\\/uploads\\\/2024\\\/01\\\/Concours_demi-finale-7-1-scaled.jpg\"},{\"@type\":\"BreadcrumbList\",\"@id\":\"https:\\\/\\\/symphonies-automne.fr\\\/en\\\/competition-3\\\/#breadcrumb\",\"itemListElement\":[{\"@type\":\"ListItem\",\"position\":1,\"name\":\"Accueil\",\"item\":\"https:\\\/\\\/symphonies-automne.fr\\\/\"},{\"@type\":\"ListItem\",\"position\":2,\"name\":\"Competition\"}]},{\"@type\":\"WebSite\",\"@id\":\"https:\\\/\\\/symphonies-automne.fr\\\/#website\",\"url\":\"https:\\\/\\\/symphonies-automne.fr\\\/\",\"name\":\"Symphonies d'automne\",\"description\":\"Concours international de chant lyrique - Festival d&eacute;di&eacute; &agrave; l'art vocal \\\/\\\/ International Singing Competition - Vocal Festival \\\/\\\/ dir. David Hurpeau\",\"publisher\":{\"@id\":\"https:\\\/\\\/symphonies-automne.fr\\\/#organization\"},\"potentialAction\":[{\"@type\":\"SearchAction\",\"target\":{\"@type\":\"EntryPoint\",\"urlTemplate\":\"https:\\\/\\\/symphonies-automne.fr\\\/?s={search_term_string}\"},\"query-input\":{\"@type\":\"PropertyValueSpecification\",\"valueRequired\":true,\"valueName\":\"search_term_string\"}}],\"inLanguage\":\"en-US\"},{\"@type\":\"Organization\",\"@id\":\"https:\\\/\\\/symphonies-automne.fr\\\/#organization\",\"name\":\"Symphonies d'automne\",\"url\":\"https:\\\/\\\/symphonies-automne.fr\\\/\",\"logo\":{\"@type\":\"ImageObject\",\"inLanguage\":\"en-US\",\"@id\":\"https:\\\/\\\/symphonies-automne.fr\\\/#\\\/schema\\\/logo\\\/image\\\/\",\"url\":\"https:\\\/\\\/symphonies-automne.fr\\\/wp-content\\\/uploads\\\/2022\\\/08\\\/logoSA2023_simple_black-1.png\",\"contentUrl\":\"https:\\\/\\\/symphonies-automne.fr\\\/wp-content\\\/uploads\\\/2022\\\/08\\\/logoSA2023_simple_black-1.png\",\"width\":2480,\"height\":1299,\"caption\":\"Symphonies d'automne\"},\"image\":{\"@id\":\"https:\\\/\\\/symphonies-automne.fr\\\/#\\\/schema\\\/logo\\\/image\\\/\"},\"sameAs\":[\"https:\\\/\\\/www.facebook.com\\\/symphoniesautomne\\\/\",\"https:\\\/\\\/instagram.com\\\/symphoniesautomne\",\"https:\\\/\\\/www.linkedin.com\\\/company\\\/symphonies-d-automne\\\/\"]}]}<\/script>\n<!-- \/ Yoast SEO plugin. -->","yoast_head_json":{"title":"Competition - Symphonies d'automne","robots":{"index":"index","follow":"follow","max-snippet":"max-snippet:-1","max-image-preview":"max-image-preview:large","max-video-preview":"max-video-preview:-1"},"canonical":"https:\/\/symphonies-automne.fr\/en\/competition-3\/","og_locale":"en_US","og_type":"article","og_title":"Competition - Symphonies d'automne","og_description":"Edition 2026 Registration is now open! The 33\u1d49 Concours International de Chant de M\u00e2con will take place from November 9 to 15, 2026. The final will be held at the Th\u00e9\u00e2tre, sc\u00e8ne nationale de M\u00e2con. Who can register? Young singers from all over the world,...","og_url":"https:\/\/symphonies-automne.fr\/en\/competition-3\/","og_site_name":"Symphonies d'automne","article_publisher":"https:\/\/www.facebook.com\/symphoniesautomne\/","article_modified_time":"2026-03-13T21:08:09+00:00","og_image":[{"width":1708,"height":2560,"url":"https:\/\/symphonies-automne.fr\/wp-content\/uploads\/2024\/01\/Concours_demi-finale-7-1-scaled.jpg","type":"image\/jpeg"}],"twitter_card":"summary_large_image","twitter_misc":{"Est. reading time":"1 minute"},"schema":{"@context":"https:\/\/schema.org","@graph":[{"@type":"WebPage","@id":"https:\/\/symphonies-automne.fr\/en\/competition-3\/","url":"https:\/\/symphonies-automne.fr\/en\/competition-3\/","name":"Competition - Symphonies d'automne","isPartOf":{"@id":"https:\/\/symphonies-automne.fr\/#website"},"primaryImageOfPage":{"@id":"https:\/\/symphonies-automne.fr\/en\/competition-3\/#primaryimage"},"image":{"@id":"https:\/\/symphonies-automne.fr\/en\/competition-3\/#primaryimage"},"thumbnailUrl":"https:\/\/symphonies-automne.fr\/wp-content\/uploads\/2024\/01\/Concours_demi-finale-7-1-scaled.jpg","datePublished":"2017-04-11T07:13:36+00:00","dateModified":"2026-03-13T21:08:09+00:00","breadcrumb":{"@id":"https:\/\/symphonies-automne.fr\/en\/competition-3\/#breadcrumb"},"inLanguage":"en-US","potentialAction":[{"@type":"ReadAction","target":["https:\/\/symphonies-automne.fr\/en\/competition-3\/"]}]},{"@type":"ImageObject","inLanguage":"en-US","@id":"https:\/\/symphonies-automne.fr\/en\/competition-3\/#primaryimage","url":"https:\/\/symphonies-automne.fr\/wp-content\/uploads\/2024\/01\/Concours_demi-finale-7-1-scaled.jpg","contentUrl":"https:\/\/symphonies-automne.fr\/wp-content\/uploads\/2024\/01\/Concours_demi-finale-7-1-scaled.jpg"},{"@type":"BreadcrumbList","@id":"https:\/\/symphonies-automne.fr\/en\/competition-3\/#breadcrumb","itemListElement":[{"@type":"ListItem","position":1,"name":"Accueil","item":"https:\/\/symphonies-automne.fr\/"},{"@type":"ListItem","position":2,"name":"Competition"}]},{"@type":"WebSite","@id":"https:\/\/symphonies-automne.fr\/#website","url":"https:\/\/symphonies-automne.fr\/","name":"Symphonies d'automne","description":"Concours international de chant lyrique - Festival d&eacute;di&eacute; &agrave; l'art vocal \/\/ International Singing Competition - Vocal Festival \/\/ dir. David Hurpeau","publisher":{"@id":"https:\/\/symphonies-automne.fr\/#organization"},"potentialAction":[{"@type":"SearchAction","target":{"@type":"EntryPoint","urlTemplate":"https:\/\/symphonies-automne.fr\/?s={search_term_string}"},"query-input":{"@type":"PropertyValueSpecification","valueRequired":true,"valueName":"search_term_string"}}],"inLanguage":"en-US"},{"@type":"Organization","@id":"https:\/\/symphonies-automne.fr\/#organization","name":"Symphonies d'automne","url":"https:\/\/symphonies-automne.fr\/","logo":{"@type":"ImageObject","inLanguage":"en-US","@id":"https:\/\/symphonies-automne.fr\/#\/schema\/logo\/image\/","url":"https:\/\/symphonies-automne.fr\/wp-content\/uploads\/2022\/08\/logoSA2023_simple_black-1.png","contentUrl":"https:\/\/symphonies-automne.fr\/wp-content\/uploads\/2022\/08\/logoSA2023_simple_black-1.png","width":2480,"height":1299,"caption":"Symphonies d'automne"},"image":{"@id":"https:\/\/symphonies-automne.fr\/#\/schema\/logo\/image\/"},"sameAs":["https:\/\/www.facebook.com\/symphoniesautomne\/","https:\/\/instagram.com\/symphoniesautomne","https:\/\/www.linkedin.com\/company\/symphonies-d-automne\/"]}]}},"_links":{"self":[{"href":"https:\/\/symphonies-automne.fr\/en\/wp-json\/wp\/v2\/pages\/14182","targetHints":{"allow":["GET"]}}],"collection":[{"href":"https:\/\/symphonies-automne.fr\/en\/wp-json\/wp\/v2\/pages"}],"about":[{"href":"https:\/\/symphonies-automne.fr\/en\/wp-json\/wp\/v2\/types\/page"}],"author":[{"embeddable":true,"href":"https:\/\/symphonies-automne.fr\/en\/wp-json\/wp\/v2\/users\/1"}],"replies":[{"embeddable":true,"href":"https:\/\/symphonies-automne.fr\/en\/wp-json\/wp\/v2\/comments?post=14182"}],"version-history":[{"count":15,"href":"https:\/\/symphonies-automne.fr\/en\/wp-json\/wp\/v2\/pages\/14182\/revisions"}],"predecessor-version":[{"id":14477,"href":"https:\/\/symphonies-automne.fr\/en\/wp-json\/wp\/v2\/pages\/14182\/revisions\/14477"}],"wp:attachment":[{"href":"https:\/\/symphonies-automne.fr\/en\/wp-json\/wp\/v2\/media?parent=14182"}],"curies":[{"name":"wp","href":"https:\/\/api.w.org\/{rel}","templated":true}]}}