{"id":14169,"date":"2024-01-28T22:50:03","date_gmt":"2024-01-28T21:50:03","guid":{"rendered":"https:\/\/symphonies-automne.fr\/macon-symphony-orchestra\/"},"modified":"2024-07-30T17:12:01","modified_gmt":"2024-07-30T16:12:01","slug":"macon-symphony-orchestra","status":"publish","type":"page","link":"https:\/\/symphonies-automne.fr\/en\/macon-symphony-orchestra\/","title":{"rendered":"M\u00e2con Symphony Orchestra"},"content":{"rendered":"\t\t<div data-elementor-type=\"wp-page\" data-elementor-id=\"14169\" class=\"elementor elementor-14169 elementor-8053\" data-elementor-post-type=\"page\">\n\t\t\t\t\t\t<section class=\"elementor-section elementor-top-section elementor-element elementor-element-52b3f99 elementor-reverse-mobile elementor-section-boxed elementor-section-height-default elementor-section-height-default qodef-elementor-container-no qodef-section qodef-parallax-section-holder-touch-disabled qodef-parallax-section-no qodef-section-with-no-shadow\" data-id=\"52b3f99\" data-element_type=\"section\" data-e-type=\"section\">\n\t\t\t\t\t\t<div class=\"elementor-container elementor-column-gap-wider\">\n\t\t\t\t\t<div class=\"elementor-column elementor-col-100 elementor-top-column elementor-element elementor-element-ced21a6\" data-id=\"ced21a6\" data-element_type=\"column\" data-e-type=\"column\">\n\t\t\t<div class=\"elementor-widget-wrap elementor-element-populated\">\n\t\t\t\t\t\t<div class=\"elementor-element elementor-element-bfb8ffd elementor-widget elementor-widget-image\" data-id=\"bfb8ffd\" data-element_type=\"widget\" data-e-type=\"widget\" data-widget_type=\"image.default\">\n\t\t\t\t<div class=\"elementor-widget-container\">\n\t\t\t\t\t\t\t\t\t\t\t\t\t\t\t<img fetchpriority=\"high\" decoding=\"async\" width=\"1024\" height=\"359\" src=\"https:\/\/symphonies-automne.fr\/wp-content\/uploads\/2024\/01\/OSM-1024x359.jpg\" class=\"attachment-large size-large wp-image-12708\" alt=\"\" srcset=\"https:\/\/symphonies-automne.fr\/wp-content\/uploads\/2024\/01\/OSM-1024x359.jpg 1024w, https:\/\/symphonies-automne.fr\/wp-content\/uploads\/2024\/01\/OSM-300x105.jpg 300w, https:\/\/symphonies-automne.fr\/wp-content\/uploads\/2024\/01\/OSM-768x269.jpg 768w, https:\/\/symphonies-automne.fr\/wp-content\/uploads\/2024\/01\/OSM-1536x539.jpg 1536w\" sizes=\"(max-width: 1024px) 100vw, 1024px\" \/>\t\t\t\t\t\t\t\t\t\t\t\t\t\t\t<\/div>\n\t\t\t\t<\/div>\n\t\t\t\t<div class=\"elementor-element elementor-element-9cc376b elementor-widget elementor-widget-spacer\" data-id=\"9cc376b\" data-element_type=\"widget\" data-e-type=\"widget\" data-widget_type=\"spacer.default\">\n\t\t\t\t<div class=\"elementor-widget-container\">\n\t\t\t\t\t\t\t<div class=\"elementor-spacer\">\n\t\t\t<div class=\"elementor-spacer-inner\"><\/div>\n\t\t<\/div>\n\t\t\t\t\t\t<\/div>\n\t\t\t\t<\/div>\n\t\t\t\t<div class=\"elementor-element elementor-element-1a036d5 elementor-widget elementor-widget-text-editor\" data-id=\"1a036d5\" data-element_type=\"widget\" data-e-type=\"widget\" data-widget_type=\"text-editor.default\">\n\t\t\t\t<div class=\"elementor-widget-container\">\n\t\t\t\t\t\t\t\t\t<p>Under the musical and artistic direction of <a href=\"https:\/\/david.hurpeau.com\/\">David Hurpeau<\/a> since September 2022, the Orchestre Symphonique de M\u00e2con has established itself over the years as the leading professional symphony orchestra in southern Burgundy.<\/p>\n<p><strong>Sharing strong musical emotions<\/strong><b><br><\/b><\/p>\n<p>From the intimacy of a chamber orchestra to a full symphony orchestra, the Orchestre Symphonique de M\u00e2con explores rich, eclectic repertoires in a variety of genres and aesthetics.<\/p>\n<p>Its original, socially responsible artistic approach offers a wide range of concert experiences, new repertoires and projects for all audiences.<\/p>\n<p>Committed to sharing a living heritage, the musicians of the Orchestre Symphonique de M\u00e2con perform masterpieces from the great symphonic repertoire, from Mozart to Stravinsky, via Schubert, Tchaikovsky and Beethoven.<\/p>\n\t\t\t\t\t\t\t\t<\/div>\n\t\t\t\t<\/div>\n\t\t\t\t<div class=\"elementor-element elementor-element-81270ed elementor-widget elementor-widget-spacer\" data-id=\"81270ed\" data-element_type=\"widget\" data-e-type=\"widget\" data-widget_type=\"spacer.default\">\n\t\t\t\t<div class=\"elementor-widget-container\">\n\t\t\t\t\t\t\t<div class=\"elementor-spacer\">\n\t\t\t<div class=\"elementor-spacer-inner\"><\/div>\n\t\t<\/div>\n\t\t\t\t\t\t<\/div>\n\t\t\t\t<\/div>\n\t\t\t\t<div class=\"elementor-element elementor-element-361d0f5 elementor-widget elementor-widget-video\" data-id=\"361d0f5\" data-element_type=\"widget\" data-e-type=\"widget\" data-settings=\"{&quot;youtube_url&quot;:&quot;https:\\\/\\\/youtu.be\\\/53nDU-koZ-A?feature=shared&quot;,&quot;video_type&quot;:&quot;youtube&quot;,&quot;controls&quot;:&quot;yes&quot;}\" data-widget_type=\"video.default\">\n\t\t\t\t<div class=\"elementor-widget-container\">\n\t\t\t\t\t\t\t<div class=\"elementor-wrapper elementor-open-inline\">\n\t\t\t<div class=\"elementor-video\"><\/div>\t\t<\/div>\n\t\t\t\t\t\t<\/div>\n\t\t\t\t<\/div>\n\t\t\t\t<div class=\"elementor-element elementor-element-68e57e6 elementor-widget elementor-widget-spacer\" data-id=\"68e57e6\" data-element_type=\"widget\" data-e-type=\"widget\" data-widget_type=\"spacer.default\">\n\t\t\t\t<div class=\"elementor-widget-container\">\n\t\t\t\t\t\t\t<div class=\"elementor-spacer\">\n\t\t\t<div class=\"elementor-spacer-inner\"><\/div>\n\t\t<\/div>\n\t\t\t\t\t\t<\/div>\n\t\t\t\t<\/div>\n\t\t\t\t<div class=\"elementor-element elementor-element-261d90f elementor-widget elementor-widget-text-editor\" data-id=\"261d90f\" data-element_type=\"widget\" data-e-type=\"widget\" data-widget_type=\"text-editor.default\">\n\t\t\t\t<div class=\"elementor-widget-container\">\n\t\t\t\t\t\t\t\t\t<p><strong>Music for today&#8230;  <\/strong><\/p>\n<p>The Orchestre Symphonique de M\u00e2con is passionate about promoting the rich aesthetics of today&#8217;s music, performing works and premieres by R\u00e9gis Campo, Richard Dubugnon, Eric Tanguy, Laurent Petitgirard, Gilbert Amy, Guillaume Connesson, Graciane Finzi, Thierry Escaich&#8230;  <\/p>\n<p><b>&#8230; to lyrical flights of fancy<\/b><\/p>\n<p>As the orchestra of the Symphonies d&#8217;Automne festival, the Orchestre Symphonique de M\u00e2con accompanies some marvelously talented young voices every year at the finals of the Concours International de Chant Lyrique de M\u00e2con.<\/p>\n<p><b>A unique training program in Sa\u00f4ne-et-Loire<\/b><\/p>\n<p>Founded in 1989 by Jean Fonta, the Orchestre Symphonique de M\u00e2con already boasts a rich history and strong local roots.\nEvery year, it features in the artistic program of the Th\u00e9\u00e2tre, sc\u00e8ne nationale de M\u00e2con. <\/p>\n<p>He has performed at the festivals Les Grandes Heures de Cluny and Musiques au pr\u00e9sent, at the Amis de l&#8217;orgue de Tournus season, at the Auditorium de Lyon, at the Forces Motrices in Geneva, at the Th\u00e9\u00e2tre de Vevey, etc., and has accompanied artists such as Ad\u00e9la\u00efde Ferri\u00e8re, Marie-Annick Nicolas, Roger Muraro, Guy Touvron, Marie Vermeulin, Jane Birkin&#8230;<\/p>\n<p>The Orchestre Symphonique de M\u00e2con is an instrumental group run entirely by the city of M\u00e2con, with the support of the M\u00e2con Symphonies association.<\/p>\n\t\t\t\t\t\t\t\t<\/div>\n\t\t\t\t<\/div>\n\t\t\t\t\t<\/div>\n\t\t<\/div>\n\t\t\t\t\t<\/div>\n\t\t<\/section>\n\t\t<div class=\"elementor-element elementor-element-fbbf4c2 e-flex e-con-boxed e-con e-parent\" data-id=\"fbbf4c2\" data-element_type=\"container\" data-e-type=\"container\">\n\t\t\t\t\t<div class=\"e-con-inner\">\n\t\t\t\t\t<\/div>\n\t\t\t\t<\/div>\n\t\t\t\t<\/div>\n\t\t","protected":false},"excerpt":{"rendered":"<p>Under the musical and artistic direction of David Hurpeau since September 2022, the Orchestre Symphonique de M\u00e2con has established itself over the years as the leading professional symphony orchestra in southern Burgundy. Sharing strong musical emotions From the intimacy of a chamber orchestra to a&#8230;<\/p>\n","protected":false},"author":1,"featured_media":0,"parent":0,"menu_order":2,"comment_status":"closed","ping_status":"closed","template":"","meta":{"_acf_changed":false,"footnotes":""},"class_list":["post-14169","page","type-page","status-publish","hentry"],"acf":[],"yoast_head":"<!-- This site is optimized with the Yoast SEO plugin v27.4 - https:\/\/yoast.com\/product\/yoast-seo-wordpress\/ -->\n<title>M\u00e2con Symphony Orchestra - Symphonies d&#039;automne<\/title>\n<meta name=\"robots\" content=\"index, follow, max-snippet:-1, max-image-preview:large, max-video-preview:-1\" \/>\n<link rel=\"canonical\" href=\"https:\/\/symphonies-automne.fr\/macon-symphony-orchestra\/\" \/>\n<meta property=\"og:locale\" content=\"en_US\" \/>\n<meta property=\"og:type\" content=\"article\" \/>\n<meta property=\"og:title\" content=\"M\u00e2con Symphony Orchestra - Symphonies d&#039;automne\" \/>\n<meta property=\"og:description\" content=\"Under the musical and artistic direction of David Hurpeau since September 2022, the Orchestre Symphonique de M\u00e2con has established itself over the years as the leading professional symphony orchestra in southern Burgundy. Sharing strong musical emotions From the intimacy of a chamber orchestra to a...\" \/>\n<meta property=\"og:url\" content=\"https:\/\/symphonies-automne.fr\/macon-symphony-orchestra\/\" \/>\n<meta property=\"og:site_name\" content=\"Symphonies d&#039;automne\" \/>\n<meta property=\"article:publisher\" content=\"https:\/\/www.facebook.com\/symphoniesautomne\/\" \/>\n<meta property=\"article:modified_time\" content=\"2024-07-30T16:12:01+00:00\" \/>\n<meta property=\"og:image\" content=\"https:\/\/symphonies-automne.fr\/wp-content\/uploads\/2024\/01\/OSM-1024x359.jpg\" \/>\n<meta name=\"twitter:card\" content=\"summary_large_image\" \/>\n<meta name=\"twitter:label1\" content=\"Est. reading time\" \/>\n\t<meta name=\"twitter:data1\" content=\"2 minutes\" \/>\n<script type=\"application\/ld+json\" class=\"yoast-schema-graph\">{\"@context\":\"https:\\\/\\\/schema.org\",\"@graph\":[{\"@type\":\"WebPage\",\"@id\":\"https:\\\/\\\/symphonies-automne.fr\\\/macon-symphony-orchestra\\\/\",\"url\":\"https:\\\/\\\/symphonies-automne.fr\\\/macon-symphony-orchestra\\\/\",\"name\":\"M\u00e2con Symphony Orchestra - Symphonies d'automne\",\"isPartOf\":{\"@id\":\"https:\\\/\\\/symphonies-automne.fr\\\/#website\"},\"primaryImageOfPage\":{\"@id\":\"https:\\\/\\\/symphonies-automne.fr\\\/macon-symphony-orchestra\\\/#primaryimage\"},\"image\":{\"@id\":\"https:\\\/\\\/symphonies-automne.fr\\\/macon-symphony-orchestra\\\/#primaryimage\"},\"thumbnailUrl\":\"https:\\\/\\\/symphonies-automne.fr\\\/wp-content\\\/uploads\\\/2024\\\/01\\\/OSM-1024x359.jpg\",\"datePublished\":\"2024-01-28T21:50:03+00:00\",\"dateModified\":\"2024-07-30T16:12:01+00:00\",\"breadcrumb\":{\"@id\":\"https:\\\/\\\/symphonies-automne.fr\\\/macon-symphony-orchestra\\\/#breadcrumb\"},\"inLanguage\":\"en-US\",\"potentialAction\":[{\"@type\":\"ReadAction\",\"target\":[\"https:\\\/\\\/symphonies-automne.fr\\\/macon-symphony-orchestra\\\/\"]}]},{\"@type\":\"ImageObject\",\"inLanguage\":\"en-US\",\"@id\":\"https:\\\/\\\/symphonies-automne.fr\\\/macon-symphony-orchestra\\\/#primaryimage\",\"url\":\"https:\\\/\\\/symphonies-automne.fr\\\/wp-content\\\/uploads\\\/2024\\\/01\\\/OSM-1024x359.jpg\",\"contentUrl\":\"https:\\\/\\\/symphonies-automne.fr\\\/wp-content\\\/uploads\\\/2024\\\/01\\\/OSM-1024x359.jpg\"},{\"@type\":\"BreadcrumbList\",\"@id\":\"https:\\\/\\\/symphonies-automne.fr\\\/macon-symphony-orchestra\\\/#breadcrumb\",\"itemListElement\":[{\"@type\":\"ListItem\",\"position\":1,\"name\":\"Accueil\",\"item\":\"https:\\\/\\\/symphonies-automne.fr\\\/\"},{\"@type\":\"ListItem\",\"position\":2,\"name\":\"M\u00e2con Symphony Orchestra\"}]},{\"@type\":\"WebSite\",\"@id\":\"https:\\\/\\\/symphonies-automne.fr\\\/#website\",\"url\":\"https:\\\/\\\/symphonies-automne.fr\\\/\",\"name\":\"Symphonies d'automne\",\"description\":\"Concours international de chant lyrique - Festival d&eacute;di&eacute; &agrave; l'art vocal \\\/\\\/ International Singing Competition - Vocal Festival \\\/\\\/ dir. David Hurpeau\",\"publisher\":{\"@id\":\"https:\\\/\\\/symphonies-automne.fr\\\/#organization\"},\"potentialAction\":[{\"@type\":\"SearchAction\",\"target\":{\"@type\":\"EntryPoint\",\"urlTemplate\":\"https:\\\/\\\/symphonies-automne.fr\\\/?s={search_term_string}\"},\"query-input\":{\"@type\":\"PropertyValueSpecification\",\"valueRequired\":true,\"valueName\":\"search_term_string\"}}],\"inLanguage\":\"en-US\"},{\"@type\":\"Organization\",\"@id\":\"https:\\\/\\\/symphonies-automne.fr\\\/#organization\",\"name\":\"Symphonies d'automne\",\"url\":\"https:\\\/\\\/symphonies-automne.fr\\\/\",\"logo\":{\"@type\":\"ImageObject\",\"inLanguage\":\"en-US\",\"@id\":\"https:\\\/\\\/symphonies-automne.fr\\\/#\\\/schema\\\/logo\\\/image\\\/\",\"url\":\"https:\\\/\\\/symphonies-automne.fr\\\/wp-content\\\/uploads\\\/2022\\\/08\\\/logoSA2023_simple_black-1.png\",\"contentUrl\":\"https:\\\/\\\/symphonies-automne.fr\\\/wp-content\\\/uploads\\\/2022\\\/08\\\/logoSA2023_simple_black-1.png\",\"width\":2480,\"height\":1299,\"caption\":\"Symphonies d'automne\"},\"image\":{\"@id\":\"https:\\\/\\\/symphonies-automne.fr\\\/#\\\/schema\\\/logo\\\/image\\\/\"},\"sameAs\":[\"https:\\\/\\\/www.facebook.com\\\/symphoniesautomne\\\/\",\"https:\\\/\\\/instagram.com\\\/symphoniesautomne\",\"https:\\\/\\\/www.linkedin.com\\\/company\\\/symphonies-d-automne\\\/\"]}]}<\/script>\n<!-- \/ Yoast SEO plugin. -->","yoast_head_json":{"title":"M\u00e2con Symphony Orchestra - Symphonies d'automne","robots":{"index":"index","follow":"follow","max-snippet":"max-snippet:-1","max-image-preview":"max-image-preview:large","max-video-preview":"max-video-preview:-1"},"canonical":"https:\/\/symphonies-automne.fr\/macon-symphony-orchestra\/","og_locale":"en_US","og_type":"article","og_title":"M\u00e2con Symphony Orchestra - Symphonies d'automne","og_description":"Under the musical and artistic direction of David Hurpeau since September 2022, the Orchestre Symphonique de M\u00e2con has established itself over the years as the leading professional symphony orchestra in southern Burgundy. Sharing strong musical emotions From the intimacy of a chamber orchestra to a...","og_url":"https:\/\/symphonies-automne.fr\/macon-symphony-orchestra\/","og_site_name":"Symphonies d'automne","article_publisher":"https:\/\/www.facebook.com\/symphoniesautomne\/","article_modified_time":"2024-07-30T16:12:01+00:00","og_image":[{"url":"https:\/\/symphonies-automne.fr\/wp-content\/uploads\/2024\/01\/OSM-1024x359.jpg","type":"","width":"","height":""}],"twitter_card":"summary_large_image","twitter_misc":{"Est. reading time":"2 minutes"},"schema":{"@context":"https:\/\/schema.org","@graph":[{"@type":"WebPage","@id":"https:\/\/symphonies-automne.fr\/macon-symphony-orchestra\/","url":"https:\/\/symphonies-automne.fr\/macon-symphony-orchestra\/","name":"M\u00e2con Symphony Orchestra - Symphonies d'automne","isPartOf":{"@id":"https:\/\/symphonies-automne.fr\/#website"},"primaryImageOfPage":{"@id":"https:\/\/symphonies-automne.fr\/macon-symphony-orchestra\/#primaryimage"},"image":{"@id":"https:\/\/symphonies-automne.fr\/macon-symphony-orchestra\/#primaryimage"},"thumbnailUrl":"https:\/\/symphonies-automne.fr\/wp-content\/uploads\/2024\/01\/OSM-1024x359.jpg","datePublished":"2024-01-28T21:50:03+00:00","dateModified":"2024-07-30T16:12:01+00:00","breadcrumb":{"@id":"https:\/\/symphonies-automne.fr\/macon-symphony-orchestra\/#breadcrumb"},"inLanguage":"en-US","potentialAction":[{"@type":"ReadAction","target":["https:\/\/symphonies-automne.fr\/macon-symphony-orchestra\/"]}]},{"@type":"ImageObject","inLanguage":"en-US","@id":"https:\/\/symphonies-automne.fr\/macon-symphony-orchestra\/#primaryimage","url":"https:\/\/symphonies-automne.fr\/wp-content\/uploads\/2024\/01\/OSM-1024x359.jpg","contentUrl":"https:\/\/symphonies-automne.fr\/wp-content\/uploads\/2024\/01\/OSM-1024x359.jpg"},{"@type":"BreadcrumbList","@id":"https:\/\/symphonies-automne.fr\/macon-symphony-orchestra\/#breadcrumb","itemListElement":[{"@type":"ListItem","position":1,"name":"Accueil","item":"https:\/\/symphonies-automne.fr\/"},{"@type":"ListItem","position":2,"name":"M\u00e2con Symphony Orchestra"}]},{"@type":"WebSite","@id":"https:\/\/symphonies-automne.fr\/#website","url":"https:\/\/symphonies-automne.fr\/","name":"Symphonies d'automne","description":"Concours international de chant lyrique - Festival d&eacute;di&eacute; &agrave; l'art vocal \/\/ International Singing Competition - Vocal Festival \/\/ dir. David Hurpeau","publisher":{"@id":"https:\/\/symphonies-automne.fr\/#organization"},"potentialAction":[{"@type":"SearchAction","target":{"@type":"EntryPoint","urlTemplate":"https:\/\/symphonies-automne.fr\/?s={search_term_string}"},"query-input":{"@type":"PropertyValueSpecification","valueRequired":true,"valueName":"search_term_string"}}],"inLanguage":"en-US"},{"@type":"Organization","@id":"https:\/\/symphonies-automne.fr\/#organization","name":"Symphonies d'automne","url":"https:\/\/symphonies-automne.fr\/","logo":{"@type":"ImageObject","inLanguage":"en-US","@id":"https:\/\/symphonies-automne.fr\/#\/schema\/logo\/image\/","url":"https:\/\/symphonies-automne.fr\/wp-content\/uploads\/2022\/08\/logoSA2023_simple_black-1.png","contentUrl":"https:\/\/symphonies-automne.fr\/wp-content\/uploads\/2022\/08\/logoSA2023_simple_black-1.png","width":2480,"height":1299,"caption":"Symphonies d'automne"},"image":{"@id":"https:\/\/symphonies-automne.fr\/#\/schema\/logo\/image\/"},"sameAs":["https:\/\/www.facebook.com\/symphoniesautomne\/","https:\/\/instagram.com\/symphoniesautomne","https:\/\/www.linkedin.com\/company\/symphonies-d-automne\/"]}]}},"_links":{"self":[{"href":"https:\/\/symphonies-automne.fr\/en\/wp-json\/wp\/v2\/pages\/14169","targetHints":{"allow":["GET"]}}],"collection":[{"href":"https:\/\/symphonies-automne.fr\/en\/wp-json\/wp\/v2\/pages"}],"about":[{"href":"https:\/\/symphonies-automne.fr\/en\/wp-json\/wp\/v2\/types\/page"}],"author":[{"embeddable":true,"href":"https:\/\/symphonies-automne.fr\/en\/wp-json\/wp\/v2\/users\/1"}],"replies":[{"embeddable":true,"href":"https:\/\/symphonies-automne.fr\/en\/wp-json\/wp\/v2\/comments?post=14169"}],"version-history":[{"count":2,"href":"https:\/\/symphonies-automne.fr\/en\/wp-json\/wp\/v2\/pages\/14169\/revisions"}],"predecessor-version":[{"id":14175,"href":"https:\/\/symphonies-automne.fr\/en\/wp-json\/wp\/v2\/pages\/14169\/revisions\/14175"}],"wp:attachment":[{"href":"https:\/\/symphonies-automne.fr\/en\/wp-json\/wp\/v2\/media?parent=14169"}],"curies":[{"name":"wp","href":"https:\/\/api.w.org\/{rel}","templated":true}]}}